{"id":56,"date":"2024-10-10T01:36:32","date_gmt":"2024-10-09T23:36:32","guid":{"rendered":"http:\/\/psychoanalitycznie.com.pl\/?page_id=56"},"modified":"2024-10-10T02:40:17","modified_gmt":"2024-10-10T00:40:17","slug":"malgorzata-rutkowska","status":"publish","type":"page","link":"https:\/\/psychoanalitycznie.com.pl\/","title":{"rendered":""},"content":{"rendered":"\n<div class=\"wp-block-media-text is-stacked-on-mobile is-vertically-aligned-bottom\" style=\"grid-template-columns:39% auto\"><figure class=\"wp-block-media-text__media\"><a href=\"www.psychoanalitycznie.com.pl\"><img fetchpriority=\"high\" decoding=\"async\" width=\"197\" height=\"276\" src=\"http:\/\/psychoanalitycznie.com.pl\/wp-content\/uploads\/2024\/10\/mr-www-1-1.jpg\" alt=\"\" class=\"wp-image-46 size-full\"\/><\/a><\/figure><div class=\"wp-block-media-text__content\">\n<p>Jestem absolwentk\u0105 Wydzia\u0142u Psychologii Uniwersytetu Warszawskiego i Instytutu Analizy Grupowej Raszt\u00f3w, gdzie uko\u0144czy\u0142am czteroletnie szkolenie podyplomowe i uzyska\u0142am certyfikat analityka grupowego (nr certyfikatu 108). Szkolenie posiada akredytacj\u0119 European Group Analytic Training Institutions Network (EGATIN), Polskiego Towarzystwa Psychologicznego oraz Sekcji Naukowej Polskiego Towarzystwa Psychiatrycznego. Certyfikat uprawnia do prowadzenia analitycznie zorientowanej psychoterapii indywidualnej i grupowej.<\/p>\n<\/div><\/div>\n\n\n\n<p>Sw\u00f3j spos\u00f3b pracy i rozumienia pacjent\u00f3w rozwijam i poddaj\u0119 refleksji, korzystaj\u0105c z do\u015bwiadcze\u0144 certyfikowanych superwizor\u00f3w Polskiego Towarzystwa Psychoanalitycznego, Instytutu Analizy Grupowej Raszt\u00f3w i Polskiego Towarzystwa Psychoterapii Psychoanalitycznej.<\/p>\n\n\n\n<p><strong>Prowadz\u0119 psychoterapi\u0119 indywidualn\u0105 i grupow\u0105 os\u00f3b doros\u0142ych do\u015bwiadczaj\u0105cych:<\/strong><\/p>\n\n\n\n<ul class=\"wp-block-list\">\n<li><strong>objaw\u00f3w depresyjnych i l\u0119ku<\/strong><\/li>\n\n\n\n<li><strong>zaburze\u0144 osobowo\u015bci (m. in. chwiejno\u015bci emocjonalnej, trudno\u015bci w kontrolowaniu impuls\u00f3w, poczucia wewn\u0119trznej pustki, trudno\u015bci w stawianiu i odczytywaniu granic)<\/strong><\/li>\n\n\n\n<li><strong>zaburze\u0144 od\u017cywiania<\/strong><\/li>\n\n\n\n<li><strong>dolegliwo\u015bci o charakterze psychosomatycznym<\/strong><\/li>\n\n\n\n<li><strong>trudno\u015bci we wchodzeniu w doros\u0142e \u017cycie i tworzeniu udanych zwi\u0105zk\u00f3w<\/strong><\/li>\n\n\n\n<li><strong>kryzys\u00f3w \u017cyciowych i trudno\u015bci w podejmowaniu decyzji.<\/strong><\/li>\n<\/ul>\n\n\n\n<p><strong>Pracuj\u0119 r\u00f3wnie\u017c z osobami, kt\u00f3re s\u0105 zainteresowane zrozumieniem swojego \u015bwiata wewn\u0119trznego i poznaniem siebie. W swojej pracy opieram si\u0119 na za\u0142o\u017ceniu, \u017ce najwa\u017cniejszym czynnikiem terapeutycznym jest poznanie prawdy o sobie i u\u015bwiadomienie sobie rzeczywisto\u015bci<\/strong><\/p>\n\n\n\n<p><br>Przed rozpocz\u0119ciem psychoterapii, zg\u0142aszaj\u0105cym si\u0119 do mnie osobom proponuj\u0119 cykl spotka\u0144 konsultacyjnych (3-5 sesji) s\u0142u\u017c\u0105cych poznaniu i zrozumieniu ich problematyki oraz uzgodnieniu najw\u0142a\u015bciwszej formy pomocy.<\/p>\n\n\n\n<p><\/p>\n","protected":false},"excerpt":{"rendered":"<p>Jestem absolwentk\u0105 Wydzia\u0142u Psychologii Uniwersytetu Warszawskiego i Instytutu Analizy Grupowej Raszt\u00f3w, gdzie uko\u0144czy\u0142am czteroletnie szkolenie podyplomowe i uzyska\u0142am certyfikat analityka grupowego (nr certyfikatu 108). Szkolenie posiada akredytacj\u0119 European Group Analytic Training Institutions Network (EGATIN), Polskiego Towarzystwa Psychologicznego oraz Sekcji Naukowej &hellip; <a href=\"https:\/\/psychoanalitycznie.com.pl\/\">Czytaj dalej <span class=\"meta-nav\">&rarr;<\/span><\/a><\/p>\n","protected":false},"author":1,"featured_media":0,"parent":0,"menu_order":0,"comment_status":"closed","ping_status":"closed","template":"","meta":{"_monsterinsights_skip_tracking":false,"_monsterinsights_sitenote_active":false,"_monsterinsights_sitenote_note":"","_monsterinsights_sitenote_category":0,"footnotes":""},"class_list":["post-56","page","type-page","status-publish","hentry"],"aioseo_notices":[],"_links":{"self":[{"href":"https:\/\/psychoanalitycznie.com.pl\/index.php?rest_route=\/wp\/v2\/pages\/56","targetHints":{"allow":["GET"]}}],"collection":[{"href":"https:\/\/psychoanalitycznie.com.pl\/index.php?rest_route=\/wp\/v2\/pages"}],"about":[{"href":"https:\/\/psychoanalitycznie.com.pl\/index.php?rest_route=\/wp\/v2\/types\/page"}],"author":[{"embeddable":true,"href":"https:\/\/psychoanalitycznie.com.pl\/index.php?rest_route=\/wp\/v2\/users\/1"}],"replies":[{"embeddable":true,"href":"https:\/\/psychoanalitycznie.com.pl\/index.php?rest_route=%2Fwp%2Fv2%2Fcomments&post=56"}],"version-history":[{"count":14,"href":"https:\/\/psychoanalitycznie.com.pl\/index.php?rest_route=\/wp\/v2\/pages\/56\/revisions"}],"predecessor-version":[{"id":122,"href":"https:\/\/psychoanalitycznie.com.pl\/index.php?rest_route=\/wp\/v2\/pages\/56\/revisions\/122"}],"wp:attachment":[{"href":"https:\/\/psychoanalitycznie.com.pl\/index.php?rest_route=%2Fwp%2Fv2%2Fmedia&parent=56"}],"curies":[{"name":"wp","href":"https:\/\/api.w.org\/{rel}","templated":true}]}}